{"id":236,"date":"2024-06-17T22:36:06","date_gmt":"2024-06-17T22:36:06","guid":{"rendered":"https:\/\/munisiquinala.gob.gt\/?page_id=236"},"modified":"2024-06-19T02:17:36","modified_gmt":"2024-06-19T02:17:36","slug":"datos-importantes","status":"publish","type":"page","link":"https:\/\/munisiquinala.gob.gt\/index.php\/datos-importantes\/","title":{"rendered":"Datos Importantes"},"content":{"rendered":"\n<p>Siquinal\u00e1 es un municipio del departamento de Escuintla de la regi\u00f3n sur-central de la Rep\u00fablica de Guatemala. Celebra su fiesta titular el 25 de noviembre de cada a\u00f1o en honor a su santa patrona <a href=\"https:\/\/es.wikipedia.org\/wiki\/Catalina_de_Alejandr%C3%ADa\">Catalina de Alejandr\u00eda<\/a>.<\/p>\n\n\n\n<p>Siquinal\u00e1 es conocido como \u00abLa tierra del mango de hilacha\u00bb y \u00abLa tierra del pe\u00f1\u00f3n\u00bb.<\/p>\n\n\n\n<div class=\"wp-block-group is-nowrap is-layout-flex wp-container-core-group-is-layout-ad2f72ca wp-block-group-is-layout-flex\">\n<figure class=\"wp-block-image size-large is-resized\"><img loading=\"lazy\" decoding=\"async\" width=\"1024\" height=\"1024\" src=\"https:\/\/munisiquinala.gob.gt\/wp-content\/uploads\/2024\/06\/Mango-Pashte-Unidad-1-60050-1024x1024.webp\" alt=\"\" class=\"wp-image-257\" style=\"width:235px;height:auto\" srcset=\"https:\/\/munisiquinala.gob.gt\/wp-content\/uploads\/2024\/06\/Mango-Pashte-Unidad-1-60050-1024x1024.webp 1024w, https:\/\/munisiquinala.gob.gt\/wp-content\/uploads\/2024\/06\/Mango-Pashte-Unidad-1-60050-300x300.webp 300w, https:\/\/munisiquinala.gob.gt\/wp-content\/uploads\/2024\/06\/Mango-Pashte-Unidad-1-60050-150x150.webp 150w, https:\/\/munisiquinala.gob.gt\/wp-content\/uploads\/2024\/06\/Mango-Pashte-Unidad-1-60050-768x768.webp 768w, https:\/\/munisiquinala.gob.gt\/wp-content\/uploads\/2024\/06\/Mango-Pashte-Unidad-1-60050-1536x1536.webp 1536w, https:\/\/munisiquinala.gob.gt\/wp-content\/uploads\/2024\/06\/Mango-Pashte-Unidad-1-60050-2048x2048.webp 2048w\" sizes=\"auto, (max-width: 1024px) 100vw, 1024px\" \/><\/figure>\n\n\n\n<figure class=\"wp-block-image size-full is-resized\"><img loading=\"lazy\" decoding=\"async\" width=\"800\" height=\"600\" src=\"https:\/\/munisiquinala.gob.gt\/wp-content\/uploads\/2024\/06\/3378309358_f4b0ae853d_o-1.webp\" alt=\"\" class=\"wp-image-258\" style=\"width:273px;height:auto\" srcset=\"https:\/\/munisiquinala.gob.gt\/wp-content\/uploads\/2024\/06\/3378309358_f4b0ae853d_o-1.webp 800w, https:\/\/munisiquinala.gob.gt\/wp-content\/uploads\/2024\/06\/3378309358_f4b0ae853d_o-1-300x225.webp 300w, https:\/\/munisiquinala.gob.gt\/wp-content\/uploads\/2024\/06\/3378309358_f4b0ae853d_o-1-768x576.webp 768w\" sizes=\"auto, (max-width: 800px) 100vw, 800px\" \/><\/figure>\n<\/div>\n\n\n\n<p><strong>\u00c1rbol que lo Identifica:<\/strong> Manguifera indica (Mango de hilacha, brea, pita)<\/p>\n\n\n\n<p><strong>Humedad Relativa:<\/strong> Seg\u00fan la Oficina Municipal de Planificaci\u00f3n (2007:5) la humedad relativa promedio del municipio de Siquinal\u00e1 es de 85%, en la \u00e9poca seca es de 79% y en la lluviosa hasta un 90% debido a las precipitaciones pluviales.<\/p>\n\n\n<nav class=\"is-responsive wp-block-navigation is-layout-flex wp-block-navigation-is-layout-flex\" aria-label=\"Navigation\" \n\t\t data-wp-interactive=\"core\/navigation\" data-wp-context='{\"overlayOpenedBy\":{\"click\":false,\"hover\":false,\"focus\":false},\"type\":\"overlay\",\"roleAttribute\":\"\",\"ariaLabel\":\"Men\\u00fa\"}'><button aria-haspopup=\"dialog\" aria-label=\"Abrir el men\u00fa\" class=\"wp-block-navigation__responsive-container-open\" \n\t\t\t\tdata-wp-on--click=\"actions.openMenuOnClick\"\n\t\t\t\tdata-wp-on--keydown=\"actions.handleMenuKeydown\"\n\t\t\t><svg width=\"24\" height=\"24\" xmlns=\"http:\/\/www.w3.org\/2000\/svg\" viewBox=\"0 0 24 24\" aria-hidden=\"true\" focusable=\"false\"><path d=\"M4 7.5h16v1.5H4z\"><\/path><path d=\"M4 15h16v1.5H4z\"><\/path><\/svg><\/button>\n\t\t\t\t<div class=\"wp-block-navigation__responsive-container\"  id=\"modal-1\" \n\t\t\t\tdata-wp-class--has-modal-open=\"state.isMenuOpen\"\n\t\t\t\tdata-wp-class--is-menu-open=\"state.isMenuOpen\"\n\t\t\t\tdata-wp-watch=\"callbacks.initMenu\"\n\t\t\t\tdata-wp-on--keydown=\"actions.handleMenuKeydown\"\n\t\t\t\tdata-wp-on--focusout=\"actions.handleMenuFocusout\"\n\t\t\t\ttabindex=\"-1\"\n\t\t\t>\n\t\t\t\t\t<div class=\"wp-block-navigation__responsive-close\" tabindex=\"-1\">\n\t\t\t\t\t\t<div class=\"wp-block-navigation__responsive-dialog\" \n\t\t\t\tdata-wp-bind--aria-modal=\"state.ariaModal\"\n\t\t\t\tdata-wp-bind--aria-label=\"state.ariaLabel\"\n\t\t\t\tdata-wp-bind--role=\"state.roleAttribute\"\n\t\t\t>\n\t\t\t\t\t\t\t<button aria-label=\"Cerrar el men\u00fa\" class=\"wp-block-navigation__responsive-container-close\" \n\t\t\t\tdata-wp-on--click=\"actions.closeMenuOnClick\"\n\t\t\t><svg xmlns=\"http:\/\/www.w3.org\/2000\/svg\" viewBox=\"0 0 24 24\" width=\"24\" height=\"24\" aria-hidden=\"true\" focusable=\"false\"><path d=\"m13.06 12 6.47-6.47-1.06-1.06L12 10.94 5.53 4.47 4.47 5.53 10.94 12l-6.47 6.47 1.06 1.06L12 13.06l6.47 6.47 1.06-1.06L13.06 12Z\"><\/path><\/svg><\/button>\n\t\t\t\t\t\t\t<div class=\"wp-block-navigation__responsive-container-content\" \n\t\t\t\tdata-wp-watch=\"callbacks.focusFirstElement\"\n\t\t\t id=\"modal-1-content\">\n\t\t\t\t\t\t\t\t\n\t\t\t\t\t\t\t<\/div>\n\t\t\t\t\t\t<\/div>\n\t\t\t\t\t<\/div>\n\t\t\t\t<\/div><\/nav>\n\n\n<div style=\"height:33px\" aria-hidden=\"true\" class=\"wp-block-spacer\"><\/div>\n\n\n\n<p><strong>Idioma oficial:<\/strong>\u00a0 Espa\u00f1ol<\/p>\n\n\n\n<p>Entidad Municipio\u00a0 <\/p>\n\n\n\n<p><strong>Bandera <\/strong><\/p>\n\n\n\n<figure class=\"wp-block-image size-full\"><img loading=\"lazy\" decoding=\"async\" width=\"100\" height=\"60\" src=\"https:\/\/munisiquinala.gob.gt\/wp-content\/uploads\/2024\/06\/Bandera_de_Siquinala-1.gif\" alt=\"\" class=\"wp-image-249\"\/><\/figure>\n\n\n\n<p> Guatemala: Departamento: Escuintla<\/p>\n\n\n\n<div class=\"wp-block-columns is-layout-flex wp-container-core-columns-is-layout-9d6595d7 wp-block-columns-is-layout-flex\">\n<div class=\"wp-block-column is-layout-flow wp-block-column-is-layout-flow\" style=\"flex-basis:100%\"><\/div>\n<\/div>\n\n\n\n<div class=\"wp-block-columns is-layout-flex wp-container-core-columns-is-layout-9d6595d7 wp-block-columns-is-layout-flex\">\n<div class=\"wp-block-column is-layout-flow wp-block-column-is-layout-flow\" style=\"flex-basis:100%\">\n<figure class=\"wp-block-image size-full is-style-default\"><img loading=\"lazy\" decoding=\"async\" width=\"250\" height=\"275\" src=\"https:\/\/munisiquinala.gob.gt\/wp-content\/uploads\/2024\/06\/Guatemala_location_map.svg_-1.png\" alt=\"\" class=\"wp-image-252\"\/><\/figure>\n\n\n\n<figure class=\"wp-block-image size-full\"><img loading=\"lazy\" decoding=\"async\" width=\"250\" height=\"176\" src=\"https:\/\/munisiquinala.gob.gt\/wp-content\/uploads\/2024\/06\/250px-Escuintla_department_location_map.svg_-4.png\" alt=\"\" class=\"wp-image-261\"\/><\/figure>\n<\/div>\n<\/div>\n\n\n\n<figure class=\"wp-block-image size-full is-resized\"><img loading=\"lazy\" decoding=\"async\" width=\"400\" height=\"400\" src=\"https:\/\/munisiquinala.gob.gt\/wp-content\/uploads\/2024\/06\/Mapa-Siquinala-Escuintla-1.png\" alt=\"\" class=\"wp-image-254\" style=\"width:262px;height:auto\" srcset=\"https:\/\/munisiquinala.gob.gt\/wp-content\/uploads\/2024\/06\/Mapa-Siquinala-Escuintla-1.png 400w, https:\/\/munisiquinala.gob.gt\/wp-content\/uploads\/2024\/06\/Mapa-Siquinala-Escuintla-1-300x300.png 300w, https:\/\/munisiquinala.gob.gt\/wp-content\/uploads\/2024\/06\/Mapa-Siquinala-Escuintla-1-150x150.png 150w\" sizes=\"auto, (max-width: 400px) 100vw, 400px\" \/><\/figure>\n\n\n\n<p><strong>Eventos hist\u00f3ricos Fundaci\u00f3n:<\/strong> 6 de marzo de 1867<\/p>\n\n\n\n<p><strong>Poblaci\u00f3n (2022) Total: <\/strong>26 317 hab.2\u200b | &nbsp;Densidad: 143,03 hab.\/km\u00b2<\/p>\n\n\n\n<p><strong>Gentilicio:<\/strong>&nbsp;&nbsp;&nbsp;&nbsp;&nbsp;&nbsp;&nbsp;&nbsp;&nbsp; siquinalteco\/a<\/p>\n\n\n\n<p><strong>Huso horario:&nbsp;<\/strong>&nbsp;&nbsp; UTC\u22126<\/p>\n\n\n\n<p><strong>C\u00f3digo postal:<\/strong>&nbsp;&nbsp; 05004<\/p>\n\n\n\n<p><strong>Prefijo telef\u00f3nico:&nbsp;<\/strong>&nbsp;&nbsp;&nbsp;&nbsp;&nbsp;&nbsp;&nbsp;&nbsp;&nbsp;&nbsp; 502<\/p>\n\n\n\n<p><strong>Patrono(a):&nbsp;&nbsp;&nbsp;<\/strong>&nbsp;&nbsp;&nbsp;&nbsp; Catalina de Alejandr\u00eda<\/p>\n\n\n\n<hr class=\"wp-block-separator has-alpha-channel-opacity\"\/>\n\n\n\n<p><strong>Ubicaci\u00f3n geogr\u00e1fica<\/strong><\/p>\n\n\n\n<p>Siquinal\u00e1 se encuentra a una distancia de 26 km de la cabecera departamental Escuintla y a una distancia de 82 km de la capital Ciudad de Guatemala.<\/p>\n\n\n\n<p><strong>Coordenadas:&nbsp;&nbsp; <\/strong>14\u00b018\u203229\u2033N 90\u00b057\u203257\u2033O<\/p>\n\n\n\n<p><strong>Coordenadas Cartesianas<\/strong>: Latitud: 14\u00b018&#8217;21\u00bb y Longitud: 90\u00b057&#8217;58\u00bb<\/p>\n\n\n\n<p><strong>Superficie Total:<\/strong> 184 km\u00b2<\/p>\n\n\n\n<p><strong>Altitud Media:<\/strong> 346 m s. n. m.<\/p>\n\n\n\n<hr class=\"wp-block-separator has-alpha-channel-opacity\"\/>\n\n\n\n<p><strong>Pe\u00f1\u00f3n de Siquinal\u00e1<\/strong><\/p>\n\n\n\n<p>Su espl\u00e9ndida presencia, visible desde diversos puntos de la Costa Sur, cautiva la mirada con sus aproximadas 60.000 toneladas de peso.<\/p>\n\n\n\n<p>El Pe\u00f1\u00f3n de Siquinal\u00e1 es una gran formaci\u00f3n rocosa de 770 metros de altura, que se eleva al este del r\u00edo Platanares, en el pintoresco municipio de Siquinal\u00e1, ubicado en el departamento de Escuintla, al sur de Guatemala de origen volc\u00e1nico, este coloso de la naturaleza ha resistido el paso del tiempo, calcul\u00e1ndose su antig\u00fcedad en unos asombrosos 12 mil a\u00f1os.<\/p>\n\n\n\n<p><strong>Imagen a\u00e9rea del Pe\u00f1\u00f3n de Siquinal\u00e1.<\/strong> (Cr\u00e9ditos: FB, Paisajes de mi Guate Bella y tomas propias).<\/p>\n\n\n\n<figure class=\"wp-block-gallery has-nested-images columns-default is-cropped wp-block-gallery-2 is-layout-flex wp-block-gallery-is-layout-flex\">\n<figure class=\"wp-block-image size-large\"><img loading=\"lazy\" decoding=\"async\" width=\"1024\" height=\"1024\" data-id=\"240\" src=\"https:\/\/munisiquinala.gob.gt\/wp-content\/uploads\/2024\/06\/258173893_3112201235688565_2024446489191853949_n-1024x1024.jpg\" alt=\"\" class=\"wp-image-240\" srcset=\"https:\/\/munisiquinala.gob.gt\/wp-content\/uploads\/2024\/06\/258173893_3112201235688565_2024446489191853949_n-1024x1024.jpg 1024w, https:\/\/munisiquinala.gob.gt\/wp-content\/uploads\/2024\/06\/258173893_3112201235688565_2024446489191853949_n-300x300.jpg 300w, https:\/\/munisiquinala.gob.gt\/wp-content\/uploads\/2024\/06\/258173893_3112201235688565_2024446489191853949_n-150x150.jpg 150w, https:\/\/munisiquinala.gob.gt\/wp-content\/uploads\/2024\/06\/258173893_3112201235688565_2024446489191853949_n-768x769.jpg 768w, https:\/\/munisiquinala.gob.gt\/wp-content\/uploads\/2024\/06\/258173893_3112201235688565_2024446489191853949_n.jpg 1078w\" sizes=\"auto, (max-width: 1024px) 100vw, 1024px\" \/><\/figure>\n\n\n\n<figure class=\"wp-block-image size-large\"><img loading=\"lazy\" decoding=\"async\" width=\"500\" height=\"500\" data-id=\"237\" src=\"https:\/\/munisiquinala.gob.gt\/wp-content\/uploads\/2024\/06\/El-Penon-de-Siquinala-que-esta-en-Escuintla-Guatemala-1.jpg\" alt=\"\" class=\"wp-image-237\" srcset=\"https:\/\/munisiquinala.gob.gt\/wp-content\/uploads\/2024\/06\/El-Penon-de-Siquinala-que-esta-en-Escuintla-Guatemala-1.jpg 500w, https:\/\/munisiquinala.gob.gt\/wp-content\/uploads\/2024\/06\/El-Penon-de-Siquinala-que-esta-en-Escuintla-Guatemala-1-300x300.jpg 300w, https:\/\/munisiquinala.gob.gt\/wp-content\/uploads\/2024\/06\/El-Penon-de-Siquinala-que-esta-en-Escuintla-Guatemala-1-150x150.jpg 150w\" sizes=\"auto, (max-width: 500px) 100vw, 500px\" \/><\/figure>\n\n\n\n<figure class=\"wp-block-image size-large\"><img loading=\"lazy\" decoding=\"async\" width=\"800\" height=\"400\" data-id=\"239\" src=\"https:\/\/munisiquinala.gob.gt\/wp-content\/uploads\/2024\/06\/El-Penon-de-Siquinala-que-esta-en-Escuintla-Guatemala-3.jpg\" alt=\"\" class=\"wp-image-239\" srcset=\"https:\/\/munisiquinala.gob.gt\/wp-content\/uploads\/2024\/06\/El-Penon-de-Siquinala-que-esta-en-Escuintla-Guatemala-3.jpg 800w, https:\/\/munisiquinala.gob.gt\/wp-content\/uploads\/2024\/06\/El-Penon-de-Siquinala-que-esta-en-Escuintla-Guatemala-3-300x150.jpg 300w, https:\/\/munisiquinala.gob.gt\/wp-content\/uploads\/2024\/06\/El-Penon-de-Siquinala-que-esta-en-Escuintla-Guatemala-3-768x384.jpg 768w\" sizes=\"auto, (max-width: 800px) 100vw, 800px\" \/><\/figure>\n\n\n\n<figure class=\"wp-block-image size-large\"><img loading=\"lazy\" decoding=\"async\" width=\"1024\" height=\"576\" data-id=\"241\" src=\"https:\/\/munisiquinala.gob.gt\/wp-content\/uploads\/2024\/06\/penon-1024x576.jpg\" alt=\"\" class=\"wp-image-241\" srcset=\"https:\/\/munisiquinala.gob.gt\/wp-content\/uploads\/2024\/06\/penon-1024x576.jpg 1024w, https:\/\/munisiquinala.gob.gt\/wp-content\/uploads\/2024\/06\/penon-300x169.jpg 300w, https:\/\/munisiquinala.gob.gt\/wp-content\/uploads\/2024\/06\/penon-768x432.jpg 768w, https:\/\/munisiquinala.gob.gt\/wp-content\/uploads\/2024\/06\/penon-1536x864.jpg 1536w, https:\/\/munisiquinala.gob.gt\/wp-content\/uploads\/2024\/06\/penon.jpg 2048w\" sizes=\"auto, (max-width: 1024px) 100vw, 1024px\" \/><\/figure>\n\n\n\n<figure class=\"wp-block-image size-large\"><img loading=\"lazy\" decoding=\"async\" width=\"800\" height=\"400\" data-id=\"238\" src=\"https:\/\/munisiquinala.gob.gt\/wp-content\/uploads\/2024\/06\/siquinala.webp\" alt=\"\" class=\"wp-image-238\" srcset=\"https:\/\/munisiquinala.gob.gt\/wp-content\/uploads\/2024\/06\/siquinala.webp 800w, https:\/\/munisiquinala.gob.gt\/wp-content\/uploads\/2024\/06\/siquinala-300x150.webp 300w, https:\/\/munisiquinala.gob.gt\/wp-content\/uploads\/2024\/06\/siquinala-768x384.webp 768w\" sizes=\"auto, (max-width: 800px) 100vw, 800px\" \/><\/figure>\n<\/figure>\n\n\n\n<p>Sus colindancias son:<\/p>\n\n\n\n<p><strong>Norte:<\/strong> Escuintla, municipio y cabecera del departamento de Escuintla y Chimaltenango, municipio y cabecera del departamento de Chimaltenango.<\/p>\n\n\n\n<p><strong>Sur:<\/strong> La Democracia, municipio del departamento de Escuintla<\/p>\n\n\n\n<p><strong>Este:<\/strong> Escuintla, municipio de Escuintla<\/p>\n\n\n\n<p><strong>Oeste:<\/strong> Santa Luc\u00eda Cotzumalguapa, municipio de Escuintla<\/p>\n","protected":false},"excerpt":{"rendered":"<p>Siquinal\u00e1 es un municipio del departamento de Escuintla de la regi\u00f3n sur-central de la Rep\u00fablica de Guatemala. Celebra su fiesta titular el<\/p>\n<p class=\"link-more\"><a class=\"myButt \" href=\"https:\/\/munisiquinala.gob.gt\/index.php\/datos-importantes\/\">Leer m\u00e1s<\/a><\/p>\n","protected":false},"author":2,"featured_media":0,"parent":0,"menu_order":0,"comment_status":"closed","ping_status":"closed","template":"","meta":{"footnotes":""},"class_list":["post-236","page","type-page","status-publish","hentry"],"yoast_head":"<!-- This site is optimized with the Yoast SEO plugin v25.3 - https:\/\/yoast.com\/wordpress\/plugins\/seo\/ -->\n<title>Datos Importantes - Municipalidad de Siquinal\u00e1<\/title>\n<meta name=\"robots\" content=\"index, follow, max-snippet:-1, max-image-preview:large, max-video-preview:-1\" \/>\n<link rel=\"canonical\" href=\"https:\/\/munisiquinala.gob.gt\/index.php\/datos-importantes\/\" \/>\n<meta property=\"og:locale\" content=\"es_ES\" \/>\n<meta property=\"og:type\" content=\"article\" \/>\n<meta property=\"og:title\" content=\"Datos Importantes - Municipalidad de Siquinal\u00e1\" \/>\n<meta property=\"og:description\" content=\"Siquinal\u00e1 es un municipio del departamento de Escuintla de la regi\u00f3n sur-central de la Rep\u00fablica de Guatemala. Celebra su fiesta titular elLeer m\u00e1s\" \/>\n<meta property=\"og:url\" content=\"https:\/\/munisiquinala.gob.gt\/index.php\/datos-importantes\/\" \/>\n<meta property=\"og:site_name\" content=\"Municipalidad de Siquinal\u00e1\" \/>\n<meta property=\"article:modified_time\" content=\"2024-06-19T02:17:36+00:00\" \/>\n<meta property=\"og:image\" content=\"https:\/\/munisiquinala.gob.gt\/wp-content\/uploads\/2024\/06\/Mango-Pashte-Unidad-1-60050-1024x1024.webp\" \/>\n<meta name=\"twitter:card\" content=\"summary_large_image\" \/>\n<meta name=\"twitter:label1\" content=\"Tiempo de lectura\" \/>\n\t<meta name=\"twitter:data1\" content=\"4 minutos\" \/>\n<script type=\"application\/ld+json\" class=\"yoast-schema-graph\">{\"@context\":\"https:\/\/schema.org\",\"@graph\":[{\"@type\":\"WebPage\",\"@id\":\"https:\/\/munisiquinala.gob.gt\/index.php\/datos-importantes\/\",\"url\":\"https:\/\/munisiquinala.gob.gt\/index.php\/datos-importantes\/\",\"name\":\"Datos Importantes - Municipalidad de Siquinal\u00e1\",\"isPartOf\":{\"@id\":\"https:\/\/munisiquinala.gob.gt\/#website\"},\"primaryImageOfPage\":{\"@id\":\"https:\/\/munisiquinala.gob.gt\/index.php\/datos-importantes\/#primaryimage\"},\"image\":{\"@id\":\"https:\/\/munisiquinala.gob.gt\/index.php\/datos-importantes\/#primaryimage\"},\"thumbnailUrl\":\"https:\/\/munisiquinala.gob.gt\/wp-content\/uploads\/2024\/06\/Mango-Pashte-Unidad-1-60050-1024x1024.webp\",\"datePublished\":\"2024-06-17T22:36:06+00:00\",\"dateModified\":\"2024-06-19T02:17:36+00:00\",\"breadcrumb\":{\"@id\":\"https:\/\/munisiquinala.gob.gt\/index.php\/datos-importantes\/#breadcrumb\"},\"inLanguage\":\"es\",\"potentialAction\":[{\"@type\":\"ReadAction\",\"target\":[\"https:\/\/munisiquinala.gob.gt\/index.php\/datos-importantes\/\"]}]},{\"@type\":\"ImageObject\",\"inLanguage\":\"es\",\"@id\":\"https:\/\/munisiquinala.gob.gt\/index.php\/datos-importantes\/#primaryimage\",\"url\":\"https:\/\/munisiquinala.gob.gt\/wp-content\/uploads\/2024\/06\/Mango-Pashte-Unidad-1-60050-scaled.webp\",\"contentUrl\":\"https:\/\/munisiquinala.gob.gt\/wp-content\/uploads\/2024\/06\/Mango-Pashte-Unidad-1-60050-scaled.webp\",\"width\":2560,\"height\":2560},{\"@type\":\"BreadcrumbList\",\"@id\":\"https:\/\/munisiquinala.gob.gt\/index.php\/datos-importantes\/#breadcrumb\",\"itemListElement\":[{\"@type\":\"ListItem\",\"position\":1,\"name\":\"Portada\",\"item\":\"https:\/\/munisiquinala.gob.gt\/\"},{\"@type\":\"ListItem\",\"position\":2,\"name\":\"Datos Importantes\"}]},{\"@type\":\"WebSite\",\"@id\":\"https:\/\/munisiquinala.gob.gt\/#website\",\"url\":\"https:\/\/munisiquinala.gob.gt\/\",\"name\":\"Municipalidad de Siquinal\u00e1\",\"description\":\"\u00a1Recuperemos a Siquinal\u00e1 TODOS JUNTOS, haciendo una nueva historia!\",\"publisher\":{\"@id\":\"https:\/\/munisiquinala.gob.gt\/#organization\"},\"potentialAction\":[{\"@type\":\"SearchAction\",\"target\":{\"@type\":\"EntryPoint\",\"urlTemplate\":\"https:\/\/munisiquinala.gob.gt\/?s={search_term_string}\"},\"query-input\":{\"@type\":\"PropertyValueSpecification\",\"valueRequired\":true,\"valueName\":\"search_term_string\"}}],\"inLanguage\":\"es\"},{\"@type\":\"Organization\",\"@id\":\"https:\/\/munisiquinala.gob.gt\/#organization\",\"name\":\"Municipalidad de Siquinal\u00e1\",\"url\":\"https:\/\/munisiquinala.gob.gt\/\",\"logo\":{\"@type\":\"ImageObject\",\"inLanguage\":\"es\",\"@id\":\"https:\/\/munisiquinala.gob.gt\/#\/schema\/logo\/image\/\",\"url\":\"https:\/\/munisiquinala.gob.gt\/wp-content\/uploads\/2024\/04\/cropped-cropped-logo.png\",\"contentUrl\":\"https:\/\/munisiquinala.gob.gt\/wp-content\/uploads\/2024\/04\/cropped-cropped-logo.png\",\"width\":90,\"height\":90,\"caption\":\"Municipalidad de Siquinal\u00e1\"},\"image\":{\"@id\":\"https:\/\/munisiquinala.gob.gt\/#\/schema\/logo\/image\/\"}}]}<\/script>\n<!-- \/ Yoast SEO plugin. -->","yoast_head_json":{"title":"Datos Importantes - Municipalidad de Siquinal\u00e1","robots":{"index":"index","follow":"follow","max-snippet":"max-snippet:-1","max-image-preview":"max-image-preview:large","max-video-preview":"max-video-preview:-1"},"canonical":"https:\/\/munisiquinala.gob.gt\/index.php\/datos-importantes\/","og_locale":"es_ES","og_type":"article","og_title":"Datos Importantes - Municipalidad de Siquinal\u00e1","og_description":"Siquinal\u00e1 es un municipio del departamento de Escuintla de la regi\u00f3n sur-central de la Rep\u00fablica de Guatemala. Celebra su fiesta titular elLeer m\u00e1s","og_url":"https:\/\/munisiquinala.gob.gt\/index.php\/datos-importantes\/","og_site_name":"Municipalidad de Siquinal\u00e1","article_modified_time":"2024-06-19T02:17:36+00:00","og_image":[{"url":"https:\/\/munisiquinala.gob.gt\/wp-content\/uploads\/2024\/06\/Mango-Pashte-Unidad-1-60050-1024x1024.webp","type":"","width":"","height":""}],"twitter_card":"summary_large_image","twitter_misc":{"Tiempo de lectura":"4 minutos"},"schema":{"@context":"https:\/\/schema.org","@graph":[{"@type":"WebPage","@id":"https:\/\/munisiquinala.gob.gt\/index.php\/datos-importantes\/","url":"https:\/\/munisiquinala.gob.gt\/index.php\/datos-importantes\/","name":"Datos Importantes - Municipalidad de Siquinal\u00e1","isPartOf":{"@id":"https:\/\/munisiquinala.gob.gt\/#website"},"primaryImageOfPage":{"@id":"https:\/\/munisiquinala.gob.gt\/index.php\/datos-importantes\/#primaryimage"},"image":{"@id":"https:\/\/munisiquinala.gob.gt\/index.php\/datos-importantes\/#primaryimage"},"thumbnailUrl":"https:\/\/munisiquinala.gob.gt\/wp-content\/uploads\/2024\/06\/Mango-Pashte-Unidad-1-60050-1024x1024.webp","datePublished":"2024-06-17T22:36:06+00:00","dateModified":"2024-06-19T02:17:36+00:00","breadcrumb":{"@id":"https:\/\/munisiquinala.gob.gt\/index.php\/datos-importantes\/#breadcrumb"},"inLanguage":"es","potentialAction":[{"@type":"ReadAction","target":["https:\/\/munisiquinala.gob.gt\/index.php\/datos-importantes\/"]}]},{"@type":"ImageObject","inLanguage":"es","@id":"https:\/\/munisiquinala.gob.gt\/index.php\/datos-importantes\/#primaryimage","url":"https:\/\/munisiquinala.gob.gt\/wp-content\/uploads\/2024\/06\/Mango-Pashte-Unidad-1-60050-scaled.webp","contentUrl":"https:\/\/munisiquinala.gob.gt\/wp-content\/uploads\/2024\/06\/Mango-Pashte-Unidad-1-60050-scaled.webp","width":2560,"height":2560},{"@type":"BreadcrumbList","@id":"https:\/\/munisiquinala.gob.gt\/index.php\/datos-importantes\/#breadcrumb","itemListElement":[{"@type":"ListItem","position":1,"name":"Portada","item":"https:\/\/munisiquinala.gob.gt\/"},{"@type":"ListItem","position":2,"name":"Datos Importantes"}]},{"@type":"WebSite","@id":"https:\/\/munisiquinala.gob.gt\/#website","url":"https:\/\/munisiquinala.gob.gt\/","name":"Municipalidad de Siquinal\u00e1","description":"\u00a1Recuperemos a Siquinal\u00e1 TODOS JUNTOS, haciendo una nueva historia!","publisher":{"@id":"https:\/\/munisiquinala.gob.gt\/#organization"},"potentialAction":[{"@type":"SearchAction","target":{"@type":"EntryPoint","urlTemplate":"https:\/\/munisiquinala.gob.gt\/?s={search_term_string}"},"query-input":{"@type":"PropertyValueSpecification","valueRequired":true,"valueName":"search_term_string"}}],"inLanguage":"es"},{"@type":"Organization","@id":"https:\/\/munisiquinala.gob.gt\/#organization","name":"Municipalidad de Siquinal\u00e1","url":"https:\/\/munisiquinala.gob.gt\/","logo":{"@type":"ImageObject","inLanguage":"es","@id":"https:\/\/munisiquinala.gob.gt\/#\/schema\/logo\/image\/","url":"https:\/\/munisiquinala.gob.gt\/wp-content\/uploads\/2024\/04\/cropped-cropped-logo.png","contentUrl":"https:\/\/munisiquinala.gob.gt\/wp-content\/uploads\/2024\/04\/cropped-cropped-logo.png","width":90,"height":90,"caption":"Municipalidad de Siquinal\u00e1"},"image":{"@id":"https:\/\/munisiquinala.gob.gt\/#\/schema\/logo\/image\/"}}]}},"_links":{"self":[{"href":"https:\/\/munisiquinala.gob.gt\/index.php\/wp-json\/wp\/v2\/pages\/236","targetHints":{"allow":["GET"]}}],"collection":[{"href":"https:\/\/munisiquinala.gob.gt\/index.php\/wp-json\/wp\/v2\/pages"}],"about":[{"href":"https:\/\/munisiquinala.gob.gt\/index.php\/wp-json\/wp\/v2\/types\/page"}],"author":[{"embeddable":true,"href":"https:\/\/munisiquinala.gob.gt\/index.php\/wp-json\/wp\/v2\/users\/2"}],"replies":[{"embeddable":true,"href":"https:\/\/munisiquinala.gob.gt\/index.php\/wp-json\/wp\/v2\/comments?post=236"}],"version-history":[{"count":8,"href":"https:\/\/munisiquinala.gob.gt\/index.php\/wp-json\/wp\/v2\/pages\/236\/revisions"}],"predecessor-version":[{"id":272,"href":"https:\/\/munisiquinala.gob.gt\/index.php\/wp-json\/wp\/v2\/pages\/236\/revisions\/272"}],"wp:attachment":[{"href":"https:\/\/munisiquinala.gob.gt\/index.php\/wp-json\/wp\/v2\/media?parent=236"}],"curies":[{"name":"wp","href":"https:\/\/api.w.org\/{rel}","templated":true}]}}