{"id":571,"date":"2025-03-09T16:47:44","date_gmt":"2025-03-09T16:47:44","guid":{"rendered":"https:\/\/munisiquinala.gob.gt\/?page_id=571"},"modified":"2026-04-07T23:55:39","modified_gmt":"2026-04-07T23:55:39","slug":"decreto-numero-36-2024","status":"publish","type":"page","link":"https:\/\/munisiquinala.gob.gt\/index.php\/decreto-numero-36-2024\/","title":{"rendered":"Decreto No. 36-2024"},"content":{"rendered":"\n<p>En cumplimiento de lo establecido en el <strong>art\u00edculo 33 del Decreto N\u00famero 36-2024<\/strong>, Ley del Presupuesto General de Ingresos y Egresos del Estado para el Ejercicio Fiscal 2025, se genera el <strong>\u00abInforme de las adquisiciones realizadas en la modalidad de compra de baja cuant\u00eda\u00bb.<\/strong><\/p>\n\n\n\n<hr class=\"wp-block-separator has-alpha-channel-opacity\"\/>\n\n\n\n<h2 class=\"wp-block-heading\">2026<\/h2>\n\n\n\n<p><strong>Marzo 2026<\/strong><\/p>\n\n\n\n<figure class=\"wp-block-image size-full\"><a href=\"https:\/\/munisiquinala.gob.gt\/wp-content\/uploads\/2026\/04\/INFORME-BAJA-CUANTIA-MARZO-2026.pdf\" target=\"_blank\" rel=\" noreferrer noopener\"><img loading=\"lazy\" decoding=\"async\" width=\"186\" height=\"50\" src=\"https:\/\/munisiquinala.gob.gt\/wp-content\/uploads\/2025\/03\/image.png\" alt=\"\" class=\"wp-image-572\"\/><\/a><\/figure>\n\n\n\n<p><strong>Febrero 2026<\/strong><\/p>\n\n\n\n<figure class=\"wp-block-image size-full\"><a href=\"https:\/\/munisiquinala.gob.gt\/wp-content\/uploads\/2026\/03\/INFORME-BAJA-CUANTIA-FEBRERO-2026.pdf\" target=\"_blank\" rel=\" noreferrer noopener\"><img loading=\"lazy\" decoding=\"async\" width=\"186\" height=\"50\" src=\"https:\/\/munisiquinala.gob.gt\/wp-content\/uploads\/2025\/03\/image.png\" alt=\"\" class=\"wp-image-572\"\/><\/a><\/figure>\n\n\n\n<p><strong>Enero 2026<\/strong><\/p>\n\n\n\n<figure class=\"wp-block-image size-full\"><a href=\"https:\/\/munisiquinala.gob.gt\/wp-content\/uploads\/2026\/02\/INFORME-BAJA-CUANTIA-ENERO-2026.pdf\" target=\"_blank\" rel=\" noreferrer noopener\"><img loading=\"lazy\" decoding=\"async\" width=\"186\" height=\"50\" src=\"https:\/\/munisiquinala.gob.gt\/wp-content\/uploads\/2025\/03\/image.png\" alt=\"\" class=\"wp-image-572\"\/><\/a><\/figure>\n\n\n\n<h2 class=\"wp-block-heading\">2025<\/h2>\n\n\n\n<p><strong>Diciembre 2025<\/strong><\/p>\n\n\n\n<figure class=\"wp-block-image size-full\"><a href=\"https:\/\/munisiquinala.gob.gt\/wp-content\/uploads\/2026\/01\/INFORME-DE-BAJA-CUANTIA-DICIEMBRE-2025.pdf\" target=\"_blank\" rel=\" noreferrer noopener\"><img loading=\"lazy\" decoding=\"async\" width=\"186\" height=\"50\" src=\"https:\/\/munisiquinala.gob.gt\/wp-content\/uploads\/2025\/03\/image.png\" alt=\"\" class=\"wp-image-572\"\/><\/a><\/figure>\n\n\n\n<p><strong>Noviembre 2025<\/strong><\/p>\n\n\n\n<figure class=\"wp-block-image size-full\"><a href=\"https:\/\/munisiquinala.gob.gt\/wp-content\/uploads\/2025\/12\/INFORME-DE-BAJA-CUANTIA-NOVIEMBRE.pdf\" target=\"_blank\" rel=\" noreferrer noopener\"><img loading=\"lazy\" decoding=\"async\" width=\"186\" height=\"50\" src=\"https:\/\/munisiquinala.gob.gt\/wp-content\/uploads\/2025\/03\/image.png\" alt=\"\" class=\"wp-image-572\"\/><\/a><\/figure>\n\n\n\n<p><strong>Octubre 2025<\/strong><\/p>\n\n\n\n<figure class=\"wp-block-image size-full\"><a href=\"https:\/\/munisiquinala.gob.gt\/wp-content\/uploads\/2025\/11\/INFORME-BAJA-CUANTIA-OCTUBRE-2025.pdf\" target=\"_blank\" rel=\" noreferrer noopener\"><img loading=\"lazy\" decoding=\"async\" width=\"186\" height=\"50\" src=\"https:\/\/munisiquinala.gob.gt\/wp-content\/uploads\/2025\/03\/image.png\" alt=\"\" class=\"wp-image-572\"\/><\/a><\/figure>\n\n\n\n<p><strong>Septiembre 2025<\/strong><\/p>\n\n\n\n<figure class=\"wp-block-image size-full\"><a href=\"https:\/\/munisiquinala.gob.gt\/wp-content\/uploads\/2025\/10\/INFORME-DE-BAJA-CUANTIA-SEPTIEMBRE-2025.pdf\" target=\"_blank\" rel=\" noreferrer noopener\"><img loading=\"lazy\" decoding=\"async\" width=\"186\" height=\"50\" src=\"https:\/\/munisiquinala.gob.gt\/wp-content\/uploads\/2025\/03\/image.png\" alt=\"\" class=\"wp-image-572\"\/><\/a><\/figure>\n\n\n\n<p><strong>Agosto 2025<\/strong><\/p>\n\n\n\n<figure class=\"wp-block-image size-full\"><a href=\"https:\/\/munisiquinala.gob.gt\/wp-content\/uploads\/2025\/09\/INFORME-BAJA-CUANTIA-AGOSTO-2025.pdf\" target=\"_blank\" rel=\" noreferrer noopener\"><img loading=\"lazy\" decoding=\"async\" width=\"186\" height=\"50\" src=\"https:\/\/munisiquinala.gob.gt\/wp-content\/uploads\/2025\/03\/image.png\" alt=\"\" class=\"wp-image-572\"\/><\/a><\/figure>\n\n\n\n<p><strong>Julio 2025<\/strong><\/p>\n\n\n\n<figure class=\"wp-block-image size-full\"><a href=\"https:\/\/munisiquinala.gob.gt\/wp-content\/uploads\/2025\/08\/INFORME-DE-BAJA-CUANTIA-JULIO.pdf\" target=\"_blank\" rel=\" noreferrer noopener\"><img loading=\"lazy\" decoding=\"async\" width=\"186\" height=\"50\" src=\"https:\/\/munisiquinala.gob.gt\/wp-content\/uploads\/2025\/03\/image.png\" alt=\"\" class=\"wp-image-572\"\/><\/a><\/figure>\n\n\n\n<p><strong>Junio 2025<\/strong><\/p>\n\n\n\n<figure class=\"wp-block-image size-full\"><a href=\"https:\/\/munisiquinala.gob.gt\/wp-content\/uploads\/2025\/07\/BAJA-CUANTIA-JUNIO.pdf\" target=\"_blank\" rel=\" noreferrer noopener\"><img loading=\"lazy\" decoding=\"async\" width=\"186\" height=\"50\" src=\"https:\/\/munisiquinala.gob.gt\/wp-content\/uploads\/2025\/03\/image.png\" alt=\"\" class=\"wp-image-572\"\/><\/a><\/figure>\n\n\n\n<p><strong>Mayo 2025<\/strong><\/p>\n\n\n\n<figure class=\"wp-block-image size-full\"><a href=\"https:\/\/munisiquinala.gob.gt\/wp-content\/uploads\/2025\/06\/BAJA-CUANTIA-MAYO2025.pdf\" target=\"_blank\" rel=\" noreferrer noopener\"><img loading=\"lazy\" decoding=\"async\" width=\"186\" height=\"50\" src=\"https:\/\/munisiquinala.gob.gt\/wp-content\/uploads\/2025\/03\/image.png\" alt=\"\" class=\"wp-image-572\"\/><\/a><\/figure>\n\n\n\n<p><strong>Abril 2025<\/strong><\/p>\n\n\n\n<figure class=\"wp-block-image size-full\"><a href=\"https:\/\/munisiquinala.gob.gt\/wp-content\/uploads\/2025\/05\/BAJA-CUANTIA-ABRIL-2025.pdf\" target=\"_blank\" rel=\" noreferrer noopener\"><img loading=\"lazy\" decoding=\"async\" width=\"186\" height=\"50\" src=\"https:\/\/munisiquinala.gob.gt\/wp-content\/uploads\/2025\/03\/image.png\" alt=\"\" class=\"wp-image-572\"\/><\/a><\/figure>\n\n\n\n<p><strong>Marzo 2025<\/strong><\/p>\n\n\n\n<figure class=\"wp-block-image size-full\"><a href=\"https:\/\/munisiquinala.gob.gt\/wp-content\/uploads\/2025\/04\/BAJA-CUANTIA-MARZO.pdf\" target=\"_blank\" rel=\" noreferrer noopener\"><img loading=\"lazy\" decoding=\"async\" width=\"186\" height=\"50\" src=\"https:\/\/munisiquinala.gob.gt\/wp-content\/uploads\/2025\/03\/image.png\" alt=\"\" class=\"wp-image-572\"\/><\/a><\/figure>\n\n\n\n<p><strong>Febrero 2025<\/strong><\/p>\n\n\n\n<figure class=\"wp-block-image size-full\"><a href=\"https:\/\/munisiquinala.gob.gt\/wp-content\/uploads\/2025\/03\/BAJA-CUANTIA-FEBRERO-2025.pdf\" target=\"_blank\" rel=\" noreferrer noopener\"><img loading=\"lazy\" decoding=\"async\" width=\"186\" height=\"50\" src=\"https:\/\/munisiquinala.gob.gt\/wp-content\/uploads\/2025\/03\/image.png\" alt=\"\" class=\"wp-image-572\"\/><\/a><\/figure>\n\n\n\n<br>\n","protected":false},"excerpt":{"rendered":"<p>En cumplimiento de lo establecido en el art\u00edculo 33 del Decreto N\u00famero 36-2024, Ley del Presupuesto General de Ingresos y Egresos del<\/p>\n<p class=\"link-more\"><a class=\"myButt \" href=\"https:\/\/munisiquinala.gob.gt\/index.php\/decreto-numero-36-2024\/\">Leer m\u00e1s<\/a><\/p>\n","protected":false},"author":2,"featured_media":0,"parent":0,"menu_order":0,"comment_status":"closed","ping_status":"closed","template":"","meta":{"footnotes":""},"class_list":["post-571","page","type-page","status-publish","hentry"],"yoast_head":"<!-- This site is optimized with the Yoast SEO plugin v25.3 - https:\/\/yoast.com\/wordpress\/plugins\/seo\/ -->\n<title>Decreto No. 36-2024 - Municipalidad de Siquinal\u00e1<\/title>\n<meta name=\"robots\" content=\"index, follow, max-snippet:-1, max-image-preview:large, max-video-preview:-1\" \/>\n<link rel=\"canonical\" href=\"https:\/\/munisiquinala.gob.gt\/index.php\/decreto-numero-36-2024\/\" \/>\n<meta property=\"og:locale\" content=\"es_ES\" \/>\n<meta property=\"og:type\" content=\"article\" \/>\n<meta property=\"og:title\" content=\"Decreto No. 36-2024 - Municipalidad de Siquinal\u00e1\" \/>\n<meta property=\"og:description\" content=\"En cumplimiento de lo establecido en el art\u00edculo 33 del Decreto N\u00famero 36-2024, Ley del Presupuesto General de Ingresos y Egresos delLeer m\u00e1s\" \/>\n<meta property=\"og:url\" content=\"https:\/\/munisiquinala.gob.gt\/index.php\/decreto-numero-36-2024\/\" \/>\n<meta property=\"og:site_name\" content=\"Municipalidad de Siquinal\u00e1\" \/>\n<meta property=\"article:modified_time\" content=\"2026-04-07T23:55:39+00:00\" \/>\n<meta property=\"og:image\" content=\"https:\/\/munisiquinala.gob.gt\/wp-content\/uploads\/2025\/03\/image.png\" \/>\n\t<meta property=\"og:image:width\" content=\"186\" \/>\n\t<meta property=\"og:image:height\" content=\"50\" \/>\n\t<meta property=\"og:image:type\" content=\"image\/png\" \/>\n<meta name=\"twitter:card\" content=\"summary_large_image\" \/>\n<meta name=\"twitter:label1\" content=\"Tiempo de lectura\" \/>\n\t<meta name=\"twitter:data1\" content=\"4 minutos\" \/>\n<script type=\"application\/ld+json\" class=\"yoast-schema-graph\">{\"@context\":\"https:\/\/schema.org\",\"@graph\":[{\"@type\":\"WebPage\",\"@id\":\"https:\/\/munisiquinala.gob.gt\/index.php\/decreto-numero-36-2024\/\",\"url\":\"https:\/\/munisiquinala.gob.gt\/index.php\/decreto-numero-36-2024\/\",\"name\":\"Decreto No. 36-2024 - Municipalidad de Siquinal\u00e1\",\"isPartOf\":{\"@id\":\"https:\/\/munisiquinala.gob.gt\/#website\"},\"primaryImageOfPage\":{\"@id\":\"https:\/\/munisiquinala.gob.gt\/index.php\/decreto-numero-36-2024\/#primaryimage\"},\"image\":{\"@id\":\"https:\/\/munisiquinala.gob.gt\/index.php\/decreto-numero-36-2024\/#primaryimage\"},\"thumbnailUrl\":\"https:\/\/munisiquinala.gob.gt\/wp-content\/uploads\/2025\/03\/image.png\",\"datePublished\":\"2025-03-09T16:47:44+00:00\",\"dateModified\":\"2026-04-07T23:55:39+00:00\",\"breadcrumb\":{\"@id\":\"https:\/\/munisiquinala.gob.gt\/index.php\/decreto-numero-36-2024\/#breadcrumb\"},\"inLanguage\":\"es\",\"potentialAction\":[{\"@type\":\"ReadAction\",\"target\":[\"https:\/\/munisiquinala.gob.gt\/index.php\/decreto-numero-36-2024\/\"]}]},{\"@type\":\"ImageObject\",\"inLanguage\":\"es\",\"@id\":\"https:\/\/munisiquinala.gob.gt\/index.php\/decreto-numero-36-2024\/#primaryimage\",\"url\":\"https:\/\/munisiquinala.gob.gt\/wp-content\/uploads\/2025\/03\/image.png\",\"contentUrl\":\"https:\/\/munisiquinala.gob.gt\/wp-content\/uploads\/2025\/03\/image.png\",\"width\":186,\"height\":50},{\"@type\":\"BreadcrumbList\",\"@id\":\"https:\/\/munisiquinala.gob.gt\/index.php\/decreto-numero-36-2024\/#breadcrumb\",\"itemListElement\":[{\"@type\":\"ListItem\",\"position\":1,\"name\":\"Portada\",\"item\":\"https:\/\/munisiquinala.gob.gt\/\"},{\"@type\":\"ListItem\",\"position\":2,\"name\":\"Decreto No. 36-2024\"}]},{\"@type\":\"WebSite\",\"@id\":\"https:\/\/munisiquinala.gob.gt\/#website\",\"url\":\"https:\/\/munisiquinala.gob.gt\/\",\"name\":\"Municipalidad de Siquinal\u00e1\",\"description\":\"\u00a1Recuperemos a Siquinal\u00e1 TODOS JUNTOS, haciendo una nueva historia!\",\"publisher\":{\"@id\":\"https:\/\/munisiquinala.gob.gt\/#organization\"},\"potentialAction\":[{\"@type\":\"SearchAction\",\"target\":{\"@type\":\"EntryPoint\",\"urlTemplate\":\"https:\/\/munisiquinala.gob.gt\/?s={search_term_string}\"},\"query-input\":{\"@type\":\"PropertyValueSpecification\",\"valueRequired\":true,\"valueName\":\"search_term_string\"}}],\"inLanguage\":\"es\"},{\"@type\":\"Organization\",\"@id\":\"https:\/\/munisiquinala.gob.gt\/#organization\",\"name\":\"Municipalidad de Siquinal\u00e1\",\"url\":\"https:\/\/munisiquinala.gob.gt\/\",\"logo\":{\"@type\":\"ImageObject\",\"inLanguage\":\"es\",\"@id\":\"https:\/\/munisiquinala.gob.gt\/#\/schema\/logo\/image\/\",\"url\":\"https:\/\/munisiquinala.gob.gt\/wp-content\/uploads\/2024\/04\/cropped-cropped-logo.png\",\"contentUrl\":\"https:\/\/munisiquinala.gob.gt\/wp-content\/uploads\/2024\/04\/cropped-cropped-logo.png\",\"width\":90,\"height\":90,\"caption\":\"Municipalidad de Siquinal\u00e1\"},\"image\":{\"@id\":\"https:\/\/munisiquinala.gob.gt\/#\/schema\/logo\/image\/\"}}]}<\/script>\n<!-- \/ Yoast SEO plugin. -->","yoast_head_json":{"title":"Decreto No. 36-2024 - Municipalidad de Siquinal\u00e1","robots":{"index":"index","follow":"follow","max-snippet":"max-snippet:-1","max-image-preview":"max-image-preview:large","max-video-preview":"max-video-preview:-1"},"canonical":"https:\/\/munisiquinala.gob.gt\/index.php\/decreto-numero-36-2024\/","og_locale":"es_ES","og_type":"article","og_title":"Decreto No. 36-2024 - Municipalidad de Siquinal\u00e1","og_description":"En cumplimiento de lo establecido en el art\u00edculo 33 del Decreto N\u00famero 36-2024, Ley del Presupuesto General de Ingresos y Egresos delLeer m\u00e1s","og_url":"https:\/\/munisiquinala.gob.gt\/index.php\/decreto-numero-36-2024\/","og_site_name":"Municipalidad de Siquinal\u00e1","article_modified_time":"2026-04-07T23:55:39+00:00","og_image":[{"width":186,"height":50,"url":"https:\/\/munisiquinala.gob.gt\/wp-content\/uploads\/2025\/03\/image.png","type":"image\/png"}],"twitter_card":"summary_large_image","twitter_misc":{"Tiempo de lectura":"4 minutos"},"schema":{"@context":"https:\/\/schema.org","@graph":[{"@type":"WebPage","@id":"https:\/\/munisiquinala.gob.gt\/index.php\/decreto-numero-36-2024\/","url":"https:\/\/munisiquinala.gob.gt\/index.php\/decreto-numero-36-2024\/","name":"Decreto No. 36-2024 - Municipalidad de Siquinal\u00e1","isPartOf":{"@id":"https:\/\/munisiquinala.gob.gt\/#website"},"primaryImageOfPage":{"@id":"https:\/\/munisiquinala.gob.gt\/index.php\/decreto-numero-36-2024\/#primaryimage"},"image":{"@id":"https:\/\/munisiquinala.gob.gt\/index.php\/decreto-numero-36-2024\/#primaryimage"},"thumbnailUrl":"https:\/\/munisiquinala.gob.gt\/wp-content\/uploads\/2025\/03\/image.png","datePublished":"2025-03-09T16:47:44+00:00","dateModified":"2026-04-07T23:55:39+00:00","breadcrumb":{"@id":"https:\/\/munisiquinala.gob.gt\/index.php\/decreto-numero-36-2024\/#breadcrumb"},"inLanguage":"es","potentialAction":[{"@type":"ReadAction","target":["https:\/\/munisiquinala.gob.gt\/index.php\/decreto-numero-36-2024\/"]}]},{"@type":"ImageObject","inLanguage":"es","@id":"https:\/\/munisiquinala.gob.gt\/index.php\/decreto-numero-36-2024\/#primaryimage","url":"https:\/\/munisiquinala.gob.gt\/wp-content\/uploads\/2025\/03\/image.png","contentUrl":"https:\/\/munisiquinala.gob.gt\/wp-content\/uploads\/2025\/03\/image.png","width":186,"height":50},{"@type":"BreadcrumbList","@id":"https:\/\/munisiquinala.gob.gt\/index.php\/decreto-numero-36-2024\/#breadcrumb","itemListElement":[{"@type":"ListItem","position":1,"name":"Portada","item":"https:\/\/munisiquinala.gob.gt\/"},{"@type":"ListItem","position":2,"name":"Decreto No. 36-2024"}]},{"@type":"WebSite","@id":"https:\/\/munisiquinala.gob.gt\/#website","url":"https:\/\/munisiquinala.gob.gt\/","name":"Municipalidad de Siquinal\u00e1","description":"\u00a1Recuperemos a Siquinal\u00e1 TODOS JUNTOS, haciendo una nueva historia!","publisher":{"@id":"https:\/\/munisiquinala.gob.gt\/#organization"},"potentialAction":[{"@type":"SearchAction","target":{"@type":"EntryPoint","urlTemplate":"https:\/\/munisiquinala.gob.gt\/?s={search_term_string}"},"query-input":{"@type":"PropertyValueSpecification","valueRequired":true,"valueName":"search_term_string"}}],"inLanguage":"es"},{"@type":"Organization","@id":"https:\/\/munisiquinala.gob.gt\/#organization","name":"Municipalidad de Siquinal\u00e1","url":"https:\/\/munisiquinala.gob.gt\/","logo":{"@type":"ImageObject","inLanguage":"es","@id":"https:\/\/munisiquinala.gob.gt\/#\/schema\/logo\/image\/","url":"https:\/\/munisiquinala.gob.gt\/wp-content\/uploads\/2024\/04\/cropped-cropped-logo.png","contentUrl":"https:\/\/munisiquinala.gob.gt\/wp-content\/uploads\/2024\/04\/cropped-cropped-logo.png","width":90,"height":90,"caption":"Municipalidad de Siquinal\u00e1"},"image":{"@id":"https:\/\/munisiquinala.gob.gt\/#\/schema\/logo\/image\/"}}]}},"_links":{"self":[{"href":"https:\/\/munisiquinala.gob.gt\/index.php\/wp-json\/wp\/v2\/pages\/571","targetHints":{"allow":["GET"]}}],"collection":[{"href":"https:\/\/munisiquinala.gob.gt\/index.php\/wp-json\/wp\/v2\/pages"}],"about":[{"href":"https:\/\/munisiquinala.gob.gt\/index.php\/wp-json\/wp\/v2\/types\/page"}],"author":[{"embeddable":true,"href":"https:\/\/munisiquinala.gob.gt\/index.php\/wp-json\/wp\/v2\/users\/2"}],"replies":[{"embeddable":true,"href":"https:\/\/munisiquinala.gob.gt\/index.php\/wp-json\/wp\/v2\/comments?post=571"}],"version-history":[{"count":18,"href":"https:\/\/munisiquinala.gob.gt\/index.php\/wp-json\/wp\/v2\/pages\/571\/revisions"}],"predecessor-version":[{"id":1640,"href":"https:\/\/munisiquinala.gob.gt\/index.php\/wp-json\/wp\/v2\/pages\/571\/revisions\/1640"}],"wp:attachment":[{"href":"https:\/\/munisiquinala.gob.gt\/index.php\/wp-json\/wp\/v2\/media?parent=571"}],"curies":[{"name":"wp","href":"https:\/\/api.w.org\/{rel}","templated":true}]}}